{"id":396,"date":"2023-05-15T08:15:56","date_gmt":"2023-05-15T08:15:56","guid":{"rendered":"https:\/\/www.lugefiber.sk\/index.php\/pricing-2\/"},"modified":"2023-06-24T15:06:43","modified_gmt":"2023-06-24T15:06:43","slug":"servis","status":"publish","type":"page","link":"https:\/\/www.lugemont.sk\/index.php\/servis\/","title":{"rendered":"Servis"},"content":{"rendered":"\t\t<div data-elementor-type=\"wp-page\" data-elementor-id=\"396\" class=\"elementor elementor-396\">\n\t\t\t\t\t\t\t\t\t<section class=\"elementor-section elementor-top-section elementor-element elementor-element-6d0049a elementor-section-boxed elementor-section-height-default elementor-section-height-default\" data-id=\"6d0049a\" data-element_type=\"section\" data-settings=\"{&quot;background_background&quot;:&quot;classic&quot;}\">\n\t\t\t\t\t\t<div class=\"elementor-container elementor-column-gap-default\">\n\t\t\t\t\t<div class=\"elementor-column elementor-col-100 elementor-top-column elementor-element elementor-element-37b65d4\" data-id=\"37b65d4\" data-element_type=\"column\" data-settings=\"{&quot;background_background&quot;:&quot;classic&quot;}\">\n\t\t\t<div class=\"elementor-widget-wrap elementor-element-populated\">\n\t\t\t\t\t\t\t\t<div class=\"elementor-element elementor-element-9c694db elementor-widget elementor-widget-heading\" data-id=\"9c694db\" data-element_type=\"widget\" data-widget_type=\"heading.default\">\n\t\t\t\t<div class=\"elementor-widget-container\">\n\t\t\t<style>\/*! elementor - v3.13.3 - 28-05-2023 *\/\n.elementor-heading-title{padding:0;margin:0;line-height:1}.elementor-widget-heading .elementor-heading-title[class*=elementor-size-]>a{color:inherit;font-size:inherit;line-height:inherit}.elementor-widget-heading .elementor-heading-title.elementor-size-small{font-size:15px}.elementor-widget-heading .elementor-heading-title.elementor-size-medium{font-size:19px}.elementor-widget-heading .elementor-heading-title.elementor-size-large{font-size:29px}.elementor-widget-heading .elementor-heading-title.elementor-size-xl{font-size:39px}.elementor-widget-heading .elementor-heading-title.elementor-size-xxl{font-size:59px}<\/style><h1 class=\"elementor-heading-title elementor-size-default\">Servis<\/h1>\t\t<\/div>\n\t\t\t\t<\/div>\n\t\t\t\t\t<\/div>\n\t\t<\/div>\n\t\t\t\t\t\t\t<\/div>\n\t\t<\/section>\n\t\t\t\t<section class=\"elementor-section elementor-top-section elementor-element elementor-element-be5f2b2 elementor-section-boxed elementor-section-height-default elementor-section-height-default\" data-id=\"be5f2b2\" data-element_type=\"section\">\n\t\t\t\t\t\t<div class=\"elementor-container elementor-column-gap-default\">\n\t\t\t\t\t<div class=\"elementor-column elementor-col-100 elementor-top-column elementor-element elementor-element-33c1701\" data-id=\"33c1701\" data-element_type=\"column\">\n\t\t\t<div class=\"elementor-widget-wrap elementor-element-populated\">\n\t\t\t\t\t\t\t\t<div class=\"elementor-element elementor-element-e2a2577 elementor-widget elementor-widget-spacer\" data-id=\"e2a2577\" data-element_type=\"widget\" data-widget_type=\"spacer.default\">\n\t\t\t\t<div class=\"elementor-widget-container\">\n\t\t\t<style>\/*! elementor - v3.13.3 - 28-05-2023 *\/\n.elementor-column .elementor-spacer-inner{height:var(--spacer-size)}.e-con{--container-widget-width:100%}.e-con-inner>.elementor-widget-spacer,.e-con>.elementor-widget-spacer{width:var(--container-widget-width,var(--spacer-size));--align-self:var(--container-widget-align-self,initial);--flex-shrink:0}.e-con-inner>.elementor-widget-spacer>.elementor-widget-container,.e-con-inner>.elementor-widget-spacer>.elementor-widget-container>.elementor-spacer,.e-con>.elementor-widget-spacer>.elementor-widget-container,.e-con>.elementor-widget-spacer>.elementor-widget-container>.elementor-spacer{height:100%}.e-con-inner>.elementor-widget-spacer>.elementor-widget-container>.elementor-spacer>.elementor-spacer-inner,.e-con>.elementor-widget-spacer>.elementor-widget-container>.elementor-spacer>.elementor-spacer-inner{height:var(--container-widget-height,var(--spacer-size))}<\/style>\t\t<div class=\"elementor-spacer\">\n\t\t\t<div class=\"elementor-spacer-inner\"><\/div>\n\t\t<\/div>\n\t\t\t\t<\/div>\n\t\t\t\t<\/div>\n\t\t\t\t\t<\/div>\n\t\t<\/div>\n\t\t\t\t\t\t\t<\/div>\n\t\t<\/section>\n\t\t\t\t<section class=\"elementor-section elementor-top-section elementor-element elementor-element-72b14a3 elementor-section-boxed elementor-section-height-default elementor-section-height-default\" data-id=\"72b14a3\" data-element_type=\"section\">\n\t\t\t\t\t\t<div class=\"elementor-container elementor-column-gap-default\">\n\t\t\t\t\t<div class=\"elementor-column elementor-col-25 elementor-top-column elementor-element elementor-element-ad37769\" data-id=\"ad37769\" data-element_type=\"column\">\n\t\t\t<div class=\"elementor-widget-wrap elementor-element-populated\">\n\t\t\t\t\t\t\t\t<div class=\"elementor-element elementor-element-564bf98 elementor-widget elementor-widget-image\" data-id=\"564bf98\" data-element_type=\"widget\" data-widget_type=\"image.default\">\n\t\t\t\t<div class=\"elementor-widget-container\">\n\t\t\t<style>\/*! elementor - v3.13.3 - 28-05-2023 *\/\n.elementor-widget-image{text-align:center}.elementor-widget-image a{display:inline-block}.elementor-widget-image a img[src$=\".svg\"]{width:48px}.elementor-widget-image img{vertical-align:middle;display:inline-block}<\/style>\t\t\t\t\t\t\t\t\t\t\t\t<img loading=\"lazy\" decoding=\"async\" width=\"500\" height=\"500\" src=\"https:\/\/www.lugemont.sk\/wp-content\/uploads\/2023\/06\/Navrh-bez-nazvu-1.jpg\" class=\"attachment-large size-large wp-image-676\" alt=\"\" srcset=\"https:\/\/www.lugemont.sk\/wp-content\/uploads\/2023\/06\/Navrh-bez-nazvu-1.jpg 500w, https:\/\/www.lugemont.sk\/wp-content\/uploads\/2023\/06\/Navrh-bez-nazvu-1-300x300.jpg 300w, https:\/\/www.lugemont.sk\/wp-content\/uploads\/2023\/06\/Navrh-bez-nazvu-1-150x150.jpg 150w\" sizes=\"(max-width: 500px) 100vw, 500px\" \/>\t\t\t\t\t\t\t\t\t\t\t\t\t\t\t<\/div>\n\t\t\t\t<\/div>\n\t\t\t\t\t<\/div>\n\t\t<\/div>\n\t\t\t\t<div class=\"elementor-column elementor-col-25 elementor-top-column elementor-element elementor-element-3c6864d\" data-id=\"3c6864d\" data-element_type=\"column\">\n\t\t\t<div class=\"elementor-widget-wrap elementor-element-populated\">\n\t\t\t\t\t\t\t\t<div class=\"elementor-element elementor-element-8388cce elementor-widget elementor-widget-heading\" data-id=\"8388cce\" data-element_type=\"widget\" data-widget_type=\"heading.default\">\n\t\t\t\t<div class=\"elementor-widget-container\">\n\t\t\t<h2 class=\"elementor-heading-title elementor-size-default\">Servis \u017eal\u00fazi\u00ed a siet\u00ed proti hmyzu<\/h2>\t\t<\/div>\n\t\t\t\t<\/div>\n\t\t\t\t\t<\/div>\n\t\t<\/div>\n\t\t\t\t<div class=\"elementor-column elementor-col-50 elementor-top-column elementor-element elementor-element-50de164\" data-id=\"50de164\" data-element_type=\"column\">\n\t\t\t<div class=\"elementor-widget-wrap elementor-element-populated\">\n\t\t\t\t\t\t\t\t<div class=\"elementor-element elementor-element-c9ecfb6 elementor-widget elementor-widget-text-editor\" data-id=\"c9ecfb6\" data-element_type=\"widget\" data-widget_type=\"text-editor.default\">\n\t\t\t\t<div class=\"elementor-widget-container\">\n\t\t\t<style>\/*! elementor - v3.13.3 - 28-05-2023 *\/\n.elementor-widget-text-editor.elementor-drop-cap-view-stacked .elementor-drop-cap{background-color:#69727d;color:#fff}.elementor-widget-text-editor.elementor-drop-cap-view-framed .elementor-drop-cap{color:#69727d;border:3px solid;background-color:transparent}.elementor-widget-text-editor:not(.elementor-drop-cap-view-default) .elementor-drop-cap{margin-top:8px}.elementor-widget-text-editor:not(.elementor-drop-cap-view-default) .elementor-drop-cap-letter{width:1em;height:1em}.elementor-widget-text-editor .elementor-drop-cap{float:left;text-align:center;line-height:1;font-size:50px}.elementor-widget-text-editor .elementor-drop-cap-letter{display:inline-block}<\/style>\t\t\t\t<p>Ve\u013ekou mierou n\u00e1plne na\u0161ej pr\u00e1ce okrem mont\u00e1\u017ee je aj servis a v\u00fdmena po\u0161koden\u00fdch dielov v\u0161etk\u00fdch druhov \u017eal\u00fazi\u00ed, roliet a siet\u00ed proti hmyzu. Niekedy je zbyto\u010dn\u00e9 meni\u0165 cel\u00e9 \u017eal\u00fazie a sie\u0165ky za nov\u00e9, a preto pon\u00fakame na\u0161im z\u00e1kazn\u00edkom mo\u017enos\u0165 v\u00fdmeny len nevyhnutn\u00fdch dielov, aby im star\u00e9 produkty mohli fungova\u0165 ako nov\u00e9.<\/p>\t\t\t\t\t\t<\/div>\n\t\t\t\t<\/div>\n\t\t\t\t\t<\/div>\n\t\t<\/div>\n\t\t\t\t\t\t\t<\/div>\n\t\t<\/section>\n\t\t\t\t<section class=\"elementor-section elementor-top-section elementor-element elementor-element-ec90c47 elementor-section-boxed elementor-section-height-default elementor-section-height-default\" data-id=\"ec90c47\" data-element_type=\"section\">\n\t\t\t\t\t\t<div class=\"elementor-container elementor-column-gap-default\">\n\t\t\t\t\t<div class=\"elementor-column elementor-col-100 elementor-top-column elementor-element elementor-element-307a7fa\" data-id=\"307a7fa\" data-element_type=\"column\">\n\t\t\t<div class=\"elementor-widget-wrap elementor-element-populated\">\n\t\t\t\t\t\t\t\t<div class=\"elementor-element elementor-element-0ef93c3 elementor-widget elementor-widget-spacer\" data-id=\"0ef93c3\" data-element_type=\"widget\" data-widget_type=\"spacer.default\">\n\t\t\t\t<div class=\"elementor-widget-container\">\n\t\t\t\t\t<div class=\"elementor-spacer\">\n\t\t\t<div class=\"elementor-spacer-inner\"><\/div>\n\t\t<\/div>\n\t\t\t\t<\/div>\n\t\t\t\t<\/div>\n\t\t\t\t\t<\/div>\n\t\t<\/div>\n\t\t\t\t\t\t\t<\/div>\n\t\t<\/section>\n\t\t\t\t<section class=\"elementor-section elementor-top-section elementor-element elementor-element-424b798 elementor-section-boxed elementor-section-height-default elementor-section-height-default\" data-id=\"424b798\" data-element_type=\"section\">\n\t\t\t\t\t\t<div class=\"elementor-container elementor-column-gap-default\">\n\t\t\t\t\t<div class=\"elementor-column elementor-col-25 elementor-top-column elementor-element elementor-element-8092ca6\" data-id=\"8092ca6\" data-element_type=\"column\">\n\t\t\t<div class=\"elementor-widget-wrap elementor-element-populated\">\n\t\t\t\t\t\t\t\t<div class=\"elementor-element elementor-element-523ccdf elementor-widget elementor-widget-image\" data-id=\"523ccdf\" data-element_type=\"widget\" data-widget_type=\"image.default\">\n\t\t\t\t<div class=\"elementor-widget-container\">\n\t\t\t\t\t\t\t\t\t\t\t\t\t\t\t<img loading=\"lazy\" decoding=\"async\" width=\"500\" height=\"500\" src=\"https:\/\/www.lugemont.sk\/wp-content\/uploads\/2023\/06\/Navrh-bez-nazvu.jpg\" class=\"attachment-large size-large wp-image-677\" alt=\"\" srcset=\"https:\/\/www.lugemont.sk\/wp-content\/uploads\/2023\/06\/Navrh-bez-nazvu.jpg 500w, https:\/\/www.lugemont.sk\/wp-content\/uploads\/2023\/06\/Navrh-bez-nazvu-300x300.jpg 300w, https:\/\/www.lugemont.sk\/wp-content\/uploads\/2023\/06\/Navrh-bez-nazvu-150x150.jpg 150w\" sizes=\"(max-width: 500px) 100vw, 500px\" \/>\t\t\t\t\t\t\t\t\t\t\t\t\t\t\t<\/div>\n\t\t\t\t<\/div>\n\t\t\t\t\t<\/div>\n\t\t<\/div>\n\t\t\t\t<div class=\"elementor-column elementor-col-25 elementor-top-column elementor-element elementor-element-018fe08\" data-id=\"018fe08\" data-element_type=\"column\">\n\t\t\t<div class=\"elementor-widget-wrap elementor-element-populated\">\n\t\t\t\t\t\t\t\t<div class=\"elementor-element elementor-element-aba74c0 elementor-widget elementor-widget-heading\" data-id=\"aba74c0\" data-element_type=\"widget\" data-widget_type=\"heading.default\">\n\t\t\t\t<div class=\"elementor-widget-container\">\n\t\t\t<h2 class=\"elementor-heading-title elementor-size-default\">Servis okien a dver\u00ed<\/h2>\t\t<\/div>\n\t\t\t\t<\/div>\n\t\t\t\t\t<\/div>\n\t\t<\/div>\n\t\t\t\t<div class=\"elementor-column elementor-col-50 elementor-top-column elementor-element elementor-element-7240058\" data-id=\"7240058\" data-element_type=\"column\">\n\t\t\t<div class=\"elementor-widget-wrap elementor-element-populated\">\n\t\t\t\t\t\t\t\t<div class=\"elementor-element elementor-element-d9e391e elementor-widget elementor-widget-text-editor\" data-id=\"d9e391e\" data-element_type=\"widget\" data-widget_type=\"text-editor.default\">\n\t\t\t\t<div class=\"elementor-widget-container\">\n\t\t\t\t\t\t\t<p>Jednou z mo\u017enost\u00ed, ako u\u0161etri\u0165 za teplo, je aj v\u00fdmena tesnenia na okn\u00e1ch a ich spr\u00e1vne nastavenie. Gumov\u00e9 tesnenia rokmi postupne str\u00e1caj\u00fa pru\u017enos\u0165 a t\u00fdm sa zni\u017euje ich tepeln\u00e1 izol\u00e1cia. Z\u00e1kazn\u00edkom preto pon\u00fakame aj servis, namazanie a nastavenie kovania, v\u00fdmenu tesnenia aby okn\u00e1 plnili svoju funkciu a dali sa bez probl\u00e9mov otv\u00e1ra\u0165 a zatv\u00e1ra\u0165. Na\u0161e sk\u00fasenosti, a sk\u00fasenosti z mnoh\u00fdch<br \/>dom\u00e1cnost\u00ed a firiem n\u00e1m potvrdzuj\u00fa, \u017ee v\u00fdmena tesnenia a nastavenie okien je dobrou invest\u00edciou k zni\u017eovaniu n\u00e1kladov na teplo.<\/p>\t\t\t\t\t\t<\/div>\n\t\t\t\t<\/div>\n\t\t\t\t\t<\/div>\n\t\t<\/div>\n\t\t\t\t\t\t\t<\/div>\n\t\t<\/section>\n\t\t\t\t\t\t\t<\/div>\n\t\t","protected":false},"excerpt":{"rendered":"<p>Servis Servis \u017eal\u00fazi\u00ed a siet\u00ed proti hmyzu Ve\u013ekou mierou n\u00e1plne na\u0161ej pr\u00e1ce okrem mont\u00e1\u017ee je aj servis a v\u00fdmena po\u0161koden\u00fdch dielov v\u0161etk\u00fdch druhov \u017eal\u00fazi\u00ed, roliet a siet\u00ed proti hmyzu. Niekedy je zbyto\u010dn\u00e9 meni\u0165 cel\u00e9 \u017eal\u00fazie a sie\u0165ky za nov\u00e9, a preto pon\u00fakame na\u0161im z\u00e1kazn\u00edkom mo\u017enos\u0165 v\u00fdmeny len nevyhnutn\u00fdch dielov, aby im star\u00e9 produkty mohli fungova\u0165 [&hellip;]<\/p>\n","protected":false},"author":1,"featured_media":0,"parent":0,"menu_order":0,"comment_status":"closed","ping_status":"closed","template":"elementor_header_footer","meta":{"footnotes":""},"_links":{"self":[{"href":"https:\/\/www.lugemont.sk\/index.php\/wp-json\/wp\/v2\/pages\/396"}],"collection":[{"href":"https:\/\/www.lugemont.sk\/index.php\/wp-json\/wp\/v2\/pages"}],"about":[{"href":"https:\/\/www.lugemont.sk\/index.php\/wp-json\/wp\/v2\/types\/page"}],"author":[{"embeddable":true,"href":"https:\/\/www.lugemont.sk\/index.php\/wp-json\/wp\/v2\/users\/1"}],"replies":[{"embeddable":true,"href":"https:\/\/www.lugemont.sk\/index.php\/wp-json\/wp\/v2\/comments?post=396"}],"version-history":[{"count":31,"href":"https:\/\/www.lugemont.sk\/index.php\/wp-json\/wp\/v2\/pages\/396\/revisions"}],"predecessor-version":[{"id":934,"href":"https:\/\/www.lugemont.sk\/index.php\/wp-json\/wp\/v2\/pages\/396\/revisions\/934"}],"wp:attachment":[{"href":"https:\/\/www.lugemont.sk\/index.php\/wp-json\/wp\/v2\/media?parent=396"}],"curies":[{"name":"wp","href":"https:\/\/api.w.org\/{rel}","templated":true}]}}