{"id":719,"date":"2023-06-11T13:10:38","date_gmt":"2023-06-11T13:10:38","guid":{"rendered":"https:\/\/www.lugemont.sk\/?page_id=719"},"modified":"2023-06-24T15:21:48","modified_gmt":"2023-06-24T15:21:48","slug":"vonkajsie-rolety","status":"publish","type":"page","link":"https:\/\/www.lugemont.sk\/index.php\/sortiment\/vonkajsie-rolety\/","title":{"rendered":"Vonkaj\u0161ie rolety"},"content":{"rendered":"\t\t<div data-elementor-type=\"wp-page\" data-elementor-id=\"719\" class=\"elementor elementor-719\">\n\t\t\t\t\t\t\t\t\t<section class=\"elementor-section elementor-top-section elementor-element elementor-element-1cb4422 elementor-section-boxed elementor-section-height-default elementor-section-height-default\" data-id=\"1cb4422\" data-element_type=\"section\">\n\t\t\t\t\t\t<div class=\"elementor-container elementor-column-gap-default\">\n\t\t\t\t\t<div class=\"elementor-column elementor-col-100 elementor-top-column elementor-element elementor-element-01a6671\" data-id=\"01a6671\" data-element_type=\"column\">\n\t\t\t<div class=\"elementor-widget-wrap elementor-element-populated\">\n\t\t\t\t\t\t\t\t<div class=\"elementor-element elementor-element-695f2a8 elementor-widget elementor-widget-spacer\" data-id=\"695f2a8\" data-element_type=\"widget\" data-widget_type=\"spacer.default\">\n\t\t\t\t<div class=\"elementor-widget-container\">\n\t\t\t<style>\/*! elementor - v3.13.3 - 28-05-2023 *\/\n.elementor-column .elementor-spacer-inner{height:var(--spacer-size)}.e-con{--container-widget-width:100%}.e-con-inner>.elementor-widget-spacer,.e-con>.elementor-widget-spacer{width:var(--container-widget-width,var(--spacer-size));--align-self:var(--container-widget-align-self,initial);--flex-shrink:0}.e-con-inner>.elementor-widget-spacer>.elementor-widget-container,.e-con-inner>.elementor-widget-spacer>.elementor-widget-container>.elementor-spacer,.e-con>.elementor-widget-spacer>.elementor-widget-container,.e-con>.elementor-widget-spacer>.elementor-widget-container>.elementor-spacer{height:100%}.e-con-inner>.elementor-widget-spacer>.elementor-widget-container>.elementor-spacer>.elementor-spacer-inner,.e-con>.elementor-widget-spacer>.elementor-widget-container>.elementor-spacer>.elementor-spacer-inner{height:var(--container-widget-height,var(--spacer-size))}<\/style>\t\t<div class=\"elementor-spacer\">\n\t\t\t<div class=\"elementor-spacer-inner\"><\/div>\n\t\t<\/div>\n\t\t\t\t<\/div>\n\t\t\t\t<\/div>\n\t\t\t\t<div class=\"elementor-element elementor-element-c139a06 elementor-widget elementor-widget-heading\" data-id=\"c139a06\" data-element_type=\"widget\" data-widget_type=\"heading.default\">\n\t\t\t\t<div class=\"elementor-widget-container\">\n\t\t\t<style>\/*! elementor - v3.13.3 - 28-05-2023 *\/\n.elementor-heading-title{padding:0;margin:0;line-height:1}.elementor-widget-heading .elementor-heading-title[class*=elementor-size-]>a{color:inherit;font-size:inherit;line-height:inherit}.elementor-widget-heading .elementor-heading-title.elementor-size-small{font-size:15px}.elementor-widget-heading .elementor-heading-title.elementor-size-medium{font-size:19px}.elementor-widget-heading .elementor-heading-title.elementor-size-large{font-size:29px}.elementor-widget-heading .elementor-heading-title.elementor-size-xl{font-size:39px}.elementor-widget-heading .elementor-heading-title.elementor-size-xxl{font-size:59px}<\/style><h1 class=\"elementor-heading-title elementor-size-default\">Vonkaj\u0161ie rolety<\/h1>\t\t<\/div>\n\t\t\t\t<\/div>\n\t\t\t\t<div class=\"elementor-element elementor-element-cd72503 elementor-widget elementor-widget-spacer\" data-id=\"cd72503\" data-element_type=\"widget\" data-widget_type=\"spacer.default\">\n\t\t\t\t<div class=\"elementor-widget-container\">\n\t\t\t\t\t<div class=\"elementor-spacer\">\n\t\t\t<div class=\"elementor-spacer-inner\"><\/div>\n\t\t<\/div>\n\t\t\t\t<\/div>\n\t\t\t\t<\/div>\n\t\t\t\t\t<\/div>\n\t\t<\/div>\n\t\t\t\t\t\t\t<\/div>\n\t\t<\/section>\n\t\t\t\t<section class=\"elementor-section elementor-top-section elementor-element elementor-element-e36ef08 elementor-section-boxed elementor-section-height-default elementor-section-height-default\" data-id=\"e36ef08\" data-element_type=\"section\">\n\t\t\t\t\t\t<div class=\"elementor-container elementor-column-gap-default\">\n\t\t\t\t\t<div class=\"elementor-column elementor-col-33 elementor-top-column elementor-element elementor-element-986e3a7\" data-id=\"986e3a7\" data-element_type=\"column\">\n\t\t\t<div class=\"elementor-widget-wrap elementor-element-populated\">\n\t\t\t\t\t\t\t\t<div class=\"elementor-element elementor-element-9cb4f4e elementor-widget elementor-widget-heading\" data-id=\"9cb4f4e\" data-element_type=\"widget\" data-widget_type=\"heading.default\">\n\t\t\t\t<div class=\"elementor-widget-container\">\n\t\t\t<h2 class=\"elementor-heading-title elementor-size-default\">Vonkaj\u0161ie hlin\u00edkov\u00e9 rolety<\/h2>\t\t<\/div>\n\t\t\t\t<\/div>\n\t\t\t\t<div class=\"elementor-element elementor-element-6c01890 elementor-widget elementor-widget-image\" data-id=\"6c01890\" data-element_type=\"widget\" data-widget_type=\"image.default\">\n\t\t\t\t<div class=\"elementor-widget-container\">\n\t\t\t<style>\/*! elementor - v3.13.3 - 28-05-2023 *\/\n.elementor-widget-image{text-align:center}.elementor-widget-image a{display:inline-block}.elementor-widget-image a img[src$=\".svg\"]{width:48px}.elementor-widget-image img{vertical-align:middle;display:inline-block}<\/style>\t\t\t\t\t\t\t\t\t\t\t\t<img loading=\"lazy\" decoding=\"async\" width=\"500\" height=\"500\" src=\"https:\/\/www.lugemont.sk\/wp-content\/uploads\/2023\/06\/Navrh-bez-nazvu-2.jpg\" class=\"attachment-large size-large wp-image-723\" alt=\"\" srcset=\"https:\/\/www.lugemont.sk\/wp-content\/uploads\/2023\/06\/Navrh-bez-nazvu-2.jpg 500w, https:\/\/www.lugemont.sk\/wp-content\/uploads\/2023\/06\/Navrh-bez-nazvu-2-300x300.jpg 300w, https:\/\/www.lugemont.sk\/wp-content\/uploads\/2023\/06\/Navrh-bez-nazvu-2-150x150.jpg 150w\" sizes=\"(max-width: 500px) 100vw, 500px\" \/>\t\t\t\t\t\t\t\t\t\t\t\t\t\t\t<\/div>\n\t\t\t\t<\/div>\n\t\t\t\t\t<\/div>\n\t\t<\/div>\n\t\t\t\t<div class=\"elementor-column elementor-col-66 elementor-top-column elementor-element elementor-element-1d74587\" data-id=\"1d74587\" data-element_type=\"column\">\n\t\t\t<div class=\"elementor-widget-wrap elementor-element-populated\">\n\t\t\t\t\t\t\t\t<div class=\"elementor-element elementor-element-1b200bb elementor-widget elementor-widget-text-editor\" data-id=\"1b200bb\" data-element_type=\"widget\" data-widget_type=\"text-editor.default\">\n\t\t\t\t<div class=\"elementor-widget-container\">\n\t\t\t<style>\/*! elementor - v3.13.3 - 28-05-2023 *\/\n.elementor-widget-text-editor.elementor-drop-cap-view-stacked .elementor-drop-cap{background-color:#69727d;color:#fff}.elementor-widget-text-editor.elementor-drop-cap-view-framed .elementor-drop-cap{color:#69727d;border:3px solid;background-color:transparent}.elementor-widget-text-editor:not(.elementor-drop-cap-view-default) .elementor-drop-cap{margin-top:8px}.elementor-widget-text-editor:not(.elementor-drop-cap-view-default) .elementor-drop-cap-letter{width:1em;height:1em}.elementor-widget-text-editor .elementor-drop-cap{float:left;text-align:center;line-height:1;font-size:50px}.elementor-widget-text-editor .elementor-drop-cap-letter{display:inline-block}<\/style>\t\t\t\t<p>Vonkaj\u0161ie hlin\u00edkov\u00e9 rolety s\u00fa najvy\u0161\u0161ou triedou exteri\u00e9rov\u00fdch roliet, a to predov\u0161etk\u00fdm v\u010faka svojej dlhej \u017eivotnosti a perfektn\u00e9mu vzh\u013eadu. Ide o \u0161ikovn\u00fd a z\u00e1rove\u0148 dizajnov\u00fd doplnok exteri\u00e9ru v\u00e1\u0161ho obydlia, ktor\u00fd zaist\u00ed vynikaj\u00facu protislne\u010dn\u00fa ochranu. Vonkaj\u0161ie rolety redukuj\u00fa \u00faniky tepla v\u010faka zateplen\u00fdm lamel\u00e1m a disponuj\u00fa zv\u00fd\u0161enou mierou redukcie hlu\u010dnosti. Vonkaj\u0161\u00ed kryt aj lamely roliet s\u00fa vyroben\u00e9 z kvalitn\u00e9ho hlin\u00edka, \u010do je z\u00e1rukou dlhej \u017eivotnosti.<\/p><p>Rolety montujeme v podomietkovom i predokennom \u2013 priznanom preveden\u00ed. Pri podomietkovom preveden\u00ed docielime lep\u0161ie termoregula\u010dn\u00e9 hodnoty, navy\u0161e s\u00fa rolety kompletne skryt\u00e9 vo fas\u00e1de a neuberaj\u00fa t\u00fdm zo svetlosti r\u00e1mu okna. Pri priznanom preveden\u00ed je na v\u00fdber z viacer\u00fdch typov kryc\u00edch boxov.<\/p><p><span style=\"font-weight: 400;\">Vonkaj\u0161\u00ed kryt aj lamely roliet s\u00fa vyroben\u00e9 z kvalitn\u00e9ho hlin\u00edka, \u010do je z\u00e1rukou dlhej \u017eivotnosti.<\/span><span style=\"font-weight: 400;\"> Pon\u00fakame ich v r\u00f4znych odtie\u0148och farieb RAL a niektor\u00fdch druhov drevodekoru (imit\u00e1cii dreva).<\/span><\/p><p>Ovl\u00e1danie je bu\u010f manu\u00e1lne \u2013 \u0161n\u00farkov\u00e9, alebo popruhov\u00e9, alebo motoricky \u2013 n\u00e1stenn\u00fdm alebo dia\u013ekov\u00fdm ovl\u00e1da\u010dom.<\/p>\t\t\t\t\t\t<\/div>\n\t\t\t\t<\/div>\n\t\t\t\t\t<\/div>\n\t\t<\/div>\n\t\t\t\t\t\t\t<\/div>\n\t\t<\/section>\n\t\t\t\t<section class=\"elementor-section elementor-top-section elementor-element elementor-element-0ccf8d9 elementor-section-boxed elementor-section-height-default elementor-section-height-default\" data-id=\"0ccf8d9\" data-element_type=\"section\">\n\t\t\t\t\t\t<div class=\"elementor-container elementor-column-gap-default\">\n\t\t\t\t\t<div class=\"elementor-column elementor-col-100 elementor-top-column elementor-element elementor-element-a401d4f\" data-id=\"a401d4f\" data-element_type=\"column\">\n\t\t\t<div class=\"elementor-widget-wrap elementor-element-populated\">\n\t\t\t\t\t\t\t\t<div class=\"elementor-element elementor-element-61b19df elementor-widget elementor-widget-spacer\" data-id=\"61b19df\" data-element_type=\"widget\" data-widget_type=\"spacer.default\">\n\t\t\t\t<div class=\"elementor-widget-container\">\n\t\t\t\t\t<div class=\"elementor-spacer\">\n\t\t\t<div class=\"elementor-spacer-inner\"><\/div>\n\t\t<\/div>\n\t\t\t\t<\/div>\n\t\t\t\t<\/div>\n\t\t\t\t\t<\/div>\n\t\t<\/div>\n\t\t\t\t\t\t\t<\/div>\n\t\t<\/section>\n\t\t\t\t<section class=\"elementor-section elementor-top-section elementor-element elementor-element-28741a0 elementor-section-boxed elementor-section-height-default elementor-section-height-default\" data-id=\"28741a0\" data-element_type=\"section\">\n\t\t\t\t\t\t<div class=\"elementor-container elementor-column-gap-default\">\n\t\t\t\t\t<div class=\"elementor-column elementor-col-33 elementor-top-column elementor-element elementor-element-e22925e\" data-id=\"e22925e\" data-element_type=\"column\">\n\t\t\t<div class=\"elementor-widget-wrap elementor-element-populated\">\n\t\t\t\t\t\t\t\t<div class=\"elementor-element elementor-element-830e221 elementor-widget elementor-widget-heading\" data-id=\"830e221\" data-element_type=\"widget\" data-widget_type=\"heading.default\">\n\t\t\t\t<div class=\"elementor-widget-container\">\n\t\t\t<h2 class=\"elementor-heading-title elementor-size-default\">Vonkaj\u0161ie plastov\u00e9 rolety<\/h2>\t\t<\/div>\n\t\t\t\t<\/div>\n\t\t\t\t<div class=\"elementor-element elementor-element-4c0c0e8 elementor-widget elementor-widget-image\" data-id=\"4c0c0e8\" data-element_type=\"widget\" data-widget_type=\"image.default\">\n\t\t\t\t<div class=\"elementor-widget-container\">\n\t\t\t\t\t\t\t\t\t\t\t\t\t\t\t<img loading=\"lazy\" decoding=\"async\" width=\"500\" height=\"500\" src=\"https:\/\/www.lugemont.sk\/wp-content\/uploads\/2023\/06\/Navrh-bez-nazvu-11.jpg\" class=\"attachment-large size-large wp-image-842\" alt=\"\" srcset=\"https:\/\/www.lugemont.sk\/wp-content\/uploads\/2023\/06\/Navrh-bez-nazvu-11.jpg 500w, https:\/\/www.lugemont.sk\/wp-content\/uploads\/2023\/06\/Navrh-bez-nazvu-11-300x300.jpg 300w, https:\/\/www.lugemont.sk\/wp-content\/uploads\/2023\/06\/Navrh-bez-nazvu-11-150x150.jpg 150w\" sizes=\"(max-width: 500px) 100vw, 500px\" \/>\t\t\t\t\t\t\t\t\t\t\t\t\t\t\t<\/div>\n\t\t\t\t<\/div>\n\t\t\t\t\t<\/div>\n\t\t<\/div>\n\t\t\t\t<div class=\"elementor-column elementor-col-66 elementor-top-column elementor-element elementor-element-14b4557\" data-id=\"14b4557\" data-element_type=\"column\">\n\t\t\t<div class=\"elementor-widget-wrap elementor-element-populated\">\n\t\t\t\t\t\t\t\t<div class=\"elementor-element elementor-element-6ff9f63 elementor-widget elementor-widget-text-editor\" data-id=\"6ff9f63\" data-element_type=\"widget\" data-widget_type=\"text-editor.default\">\n\t\t\t\t<div class=\"elementor-widget-container\">\n\t\t\t\t\t\t\t<p>Tieto v\u00fdrobky nielen skr\u00e1\u0161\u013euje exteri\u00e9ry pr\u00edbytkov, ale sp\u013a\u0148aj\u00fa aj mnoh\u00e9 praktick\u00e9 h\u013eadisk\u00e1: chr\u00e1nia okn\u00e1 pred zne\u010disten\u00edm a po\u0161koden\u00edm, predl\u017euj\u00fa \u017eivotnos\u0165 okien, redukuj\u00fa prienik slne\u010dn\u00e9ho \u017eiarenia v lete, a mrazu v zime, zais\u0165uj\u00fa tepeln\u00fa pohodu v interi\u00e9ri. Pri plastov\u00fdch rolet\u00e1ch je vonkaj\u0161\u00ed kryt vyroben\u00fd z hlin\u00edka a lamely z kvalitn\u00e9ho plastu. Rolety montujeme v podomietkovom i predokennom \u2013 priznanom preveden\u00ed. Pri podomietkovom preveden\u00ed docielime lep\u0161ie termoregula\u010dn\u00e9 hodnoty, navy\u0161e s\u00fa rolety kompletne skryt\u00e9 vo fas\u00e1de a neuberaj\u00fa t\u00fdm zo svetlosti r\u00e1mu okna. Pri priznanom preveden\u00ed je na v\u00fdber z viacer\u00fdch typov kryc\u00edch boxov.<\/p><p>Ovl\u00e1danie je bu\u010f manu\u00e1lne \u2013 \u0161n\u00farkov\u00e9, alebo popruhov\u00e9, alebo motoricky \u2013 n\u00e1stenn\u00fdm alebo dia\u013ekov\u00fdm ovl\u00e1da\u010dom.<\/p>\t\t\t\t\t\t<\/div>\n\t\t\t\t<\/div>\n\t\t\t\t\t<\/div>\n\t\t<\/div>\n\t\t\t\t\t\t\t<\/div>\n\t\t<\/section>\n\t\t\t\t\t\t\t<\/div>\n\t\t","protected":false},"excerpt":{"rendered":"<p>Vonkaj\u0161ie rolety Vonkaj\u0161ie hlin\u00edkov\u00e9 rolety Vonkaj\u0161ie hlin\u00edkov\u00e9 rolety s\u00fa najvy\u0161\u0161ou triedou exteri\u00e9rov\u00fdch roliet, a to predov\u0161etk\u00fdm v\u010faka svojej dlhej \u017eivotnosti a perfektn\u00e9mu vzh\u013eadu. Ide o \u0161ikovn\u00fd a z\u00e1rove\u0148 dizajnov\u00fd doplnok exteri\u00e9ru v\u00e1\u0161ho obydlia, ktor\u00fd zaist\u00ed vynikaj\u00facu protislne\u010dn\u00fa ochranu. Vonkaj\u0161ie rolety redukuj\u00fa \u00faniky tepla v\u010faka zateplen\u00fdm lamel\u00e1m a disponuj\u00fa zv\u00fd\u0161enou mierou redukcie hlu\u010dnosti. Vonkaj\u0161\u00ed kryt aj [&hellip;]<\/p>\n","protected":false},"author":1,"featured_media":0,"parent":411,"menu_order":0,"comment_status":"closed","ping_status":"closed","template":"elementor_header_footer","meta":{"footnotes":""},"_links":{"self":[{"href":"https:\/\/www.lugemont.sk\/index.php\/wp-json\/wp\/v2\/pages\/719"}],"collection":[{"href":"https:\/\/www.lugemont.sk\/index.php\/wp-json\/wp\/v2\/pages"}],"about":[{"href":"https:\/\/www.lugemont.sk\/index.php\/wp-json\/wp\/v2\/types\/page"}],"author":[{"embeddable":true,"href":"https:\/\/www.lugemont.sk\/index.php\/wp-json\/wp\/v2\/users\/1"}],"replies":[{"embeddable":true,"href":"https:\/\/www.lugemont.sk\/index.php\/wp-json\/wp\/v2\/comments?post=719"}],"version-history":[{"count":22,"href":"https:\/\/www.lugemont.sk\/index.php\/wp-json\/wp\/v2\/pages\/719\/revisions"}],"predecessor-version":[{"id":945,"href":"https:\/\/www.lugemont.sk\/index.php\/wp-json\/wp\/v2\/pages\/719\/revisions\/945"}],"up":[{"embeddable":true,"href":"https:\/\/www.lugemont.sk\/index.php\/wp-json\/wp\/v2\/pages\/411"}],"wp:attachment":[{"href":"https:\/\/www.lugemont.sk\/index.php\/wp-json\/wp\/v2\/media?parent=719"}],"curies":[{"name":"wp","href":"https:\/\/api.w.org\/{rel}","templated":true}]}}